{"id":210,"date":"2024-05-21T21:13:40","date_gmt":"2024-05-21T21:13:40","guid":{"rendered":"https:\/\/fundacionmariaenelcamino.cl\/24\/?page_id=210"},"modified":"2024-05-21T21:24:12","modified_gmt":"2024-05-21T21:24:12","slug":"como-participar","status":"publish","type":"page","link":"https:\/\/fundacionmariaenelcamino.cl\/24\/como-participar\/","title":{"rendered":"COMO PARTICIPAR"},"content":{"rendered":"\t\t<div data-elementor-type=\"wp-page\" data-elementor-id=\"210\" class=\"elementor elementor-210\" data-elementor-post-type=\"page\">\n\t\t\t\t<div class=\"elementor-element elementor-element-7c4b1f0 e-flex e-con-boxed e-con e-parent\" data-id=\"7c4b1f0\" data-element_type=\"container\" data-settings=\"{&quot;background_background&quot;:&quot;classic&quot;}\">\n\t\t\t\t\t<div class=\"e-con-inner\">\n\t\t\t\t<div class=\"elementor-element elementor-element-21ecf21 elementor-widget elementor-widget-heading\" data-id=\"21ecf21\" data-element_type=\"widget\" data-widget_type=\"heading.default\">\n\t\t\t\t<div class=\"elementor-widget-container\">\n\t\t\t<style>\/*! elementor - v3.22.0 - 17-06-2024 *\/\n.elementor-heading-title{padding:0;margin:0;line-height:1}.elementor-widget-heading .elementor-heading-title[class*=elementor-size-]>a{color:inherit;font-size:inherit;line-height:inherit}.elementor-widget-heading .elementor-heading-title.elementor-size-small{font-size:15px}.elementor-widget-heading .elementor-heading-title.elementor-size-medium{font-size:19px}.elementor-widget-heading .elementor-heading-title.elementor-size-large{font-size:29px}.elementor-widget-heading .elementor-heading-title.elementor-size-xl{font-size:39px}.elementor-widget-heading .elementor-heading-title.elementor-size-xxl{font-size:59px}<\/style><h1 class=\"elementor-heading-title elementor-size-default\">COMO PARTICIPAR\n<\/h1>\t\t<\/div>\n\t\t\t\t<\/div>\n\t\t\t\t\t<\/div>\n\t\t\t\t<\/div>\n\t\t<div class=\"elementor-element elementor-element-a4e2363 e-flex e-con-boxed e-con e-parent\" data-id=\"a4e2363\" data-element_type=\"container\">\n\t\t\t\t\t<div class=\"e-con-inner\">\n\t\t<div class=\"elementor-element elementor-element-1374e15 e-con-full e-flex e-con e-child\" data-id=\"1374e15\" data-element_type=\"container\">\n\t\t\t\t<div class=\"elementor-element elementor-element-7a11033 elementor-widget elementor-widget-heading\" data-id=\"7a11033\" data-element_type=\"widget\" data-widget_type=\"heading.default\">\n\t\t\t\t<div class=\"elementor-widget-container\">\n\t\t\t<h2 class=\"elementor-heading-title elementor-size-default\">Voluntario\/a\n<\/h2>\t\t<\/div>\n\t\t\t\t<\/div>\n\t\t\t\t<div class=\"elementor-element elementor-element-fda9358 elementor-widget elementor-widget-text-editor\" data-id=\"fda9358\" data-element_type=\"widget\" data-widget_type=\"text-editor.default\">\n\t\t\t\t<div class=\"elementor-widget-container\">\n\t\t\t<style>\/*! elementor - v3.22.0 - 17-06-2024 *\/\n.elementor-widget-text-editor.elementor-drop-cap-view-stacked .elementor-drop-cap{background-color:#69727d;color:#fff}.elementor-widget-text-editor.elementor-drop-cap-view-framed .elementor-drop-cap{color:#69727d;border:3px solid;background-color:transparent}.elementor-widget-text-editor:not(.elementor-drop-cap-view-default) .elementor-drop-cap{margin-top:8px}.elementor-widget-text-editor:not(.elementor-drop-cap-view-default) .elementor-drop-cap-letter{width:1em;height:1em}.elementor-widget-text-editor .elementor-drop-cap{float:left;text-align:center;line-height:1;font-size:50px}.elementor-widget-text-editor .elementor-drop-cap-letter{display:inline-block}<\/style>\t\t\t\t<p>Como Profesor o Profesora de cursos, talleres o pr\u00e1cticas guiadas.<\/p><p>Como Expertos o Expertas en un tema espec\u00edfico.<\/p><p>Pr\u00e1cticas profesionales.<\/p><p>En diversos Servicios, de acuerdo a deseos y capacidades.<\/p>\t\t\t\t\t\t<\/div>\n\t\t\t\t<\/div>\n\t\t\t\t<div class=\"elementor-element elementor-element-a2c560d elementor-align-center elementor-widget elementor-widget-button\" data-id=\"a2c560d\" data-element_type=\"widget\" data-widget_type=\"button.default\">\n\t\t\t\t<div class=\"elementor-widget-container\">\n\t\t\t\t\t<div class=\"elementor-button-wrapper\">\n\t\t\t<a class=\"elementor-button elementor-button-link elementor-size-sm\" href=\"https:\/\/docs.google.com\/forms\/d\/1U4dO0XEuGd-Al8try2JCopKsPrry8mhkhaUKR49O0bI\/edit\">\n\t\t\t\t\t\t<span class=\"elementor-button-content-wrapper\">\n\t\t\t\t\t\t\t\t\t<span class=\"elementor-button-text\">Se nuestro\/a Voluntario\/a<\/span>\n\t\t\t\t\t<\/span>\n\t\t\t\t\t<\/a>\n\t\t<\/div>\n\t\t\t\t<\/div>\n\t\t\t\t<\/div>\n\t\t\t\t<\/div>\n\t\t<div class=\"elementor-element elementor-element-49c8034 e-con-full e-flex e-con e-child\" data-id=\"49c8034\" data-element_type=\"container\">\n\t\t\t\t<div class=\"elementor-element elementor-element-f6fc986 elementor-widget elementor-widget-heading\" data-id=\"f6fc986\" data-element_type=\"widget\" data-widget_type=\"heading.default\">\n\t\t\t\t<div class=\"elementor-widget-container\">\n\t\t\t<h2 class=\"elementor-heading-title elementor-size-default\">Socio\/a\n<\/h2>\t\t<\/div>\n\t\t\t\t<\/div>\n\t\t\t\t<div class=\"elementor-element elementor-element-16ed526 elementor-widget elementor-widget-text-editor\" data-id=\"16ed526\" data-element_type=\"widget\" data-widget_type=\"text-editor.default\">\n\t\t\t\t<div class=\"elementor-widget-container\">\n\t\t\t\t\t\t\t<p>A trav\u00e9s de una donaci\u00f3n Mensual<\/p><p>Apadrinando un Curso o un Taller<\/p><p>Apadrinando a un estudiante de alg\u00fan Curso o en Taller<\/p><p>Aportando materiales para Talleres de Computaci\u00f3n, Huerto, Alimentaci\u00f3n y Otros, o para Secretar\u00eda.<\/p>\t\t\t\t\t\t<\/div>\n\t\t\t\t<\/div>\n\t\t\t\t<div class=\"elementor-element elementor-element-c5c0ce5 elementor-align-center elementor-widget elementor-widget-button\" data-id=\"c5c0ce5\" data-element_type=\"widget\" data-widget_type=\"button.default\">\n\t\t\t\t<div class=\"elementor-widget-container\">\n\t\t\t\t\t<div class=\"elementor-button-wrapper\">\n\t\t\t<a class=\"elementor-button elementor-button-link elementor-size-sm\" href=\"https:\/\/forms.gle\/Y4fhjJAaBg3kyN1y8\">\n\t\t\t\t\t\t<span class=\"elementor-button-content-wrapper\">\n\t\t\t\t\t\t\t\t\t<span class=\"elementor-button-text\">Se nuestro\/a Socio\/a<\/span>\n\t\t\t\t\t<\/span>\n\t\t\t\t\t<\/a>\n\t\t<\/div>\n\t\t\t\t<\/div>\n\t\t\t\t<\/div>\n\t\t\t\t<\/div>\n\t\t\t\t\t<\/div>\n\t\t\t\t<\/div>\n\t\t\t\t<\/div>\n\t\t","protected":false},"excerpt":{"rendered":"<p>COMO PARTICIPAR Voluntario\/a Como Profesor o Profesora de cursos, talleres o pr\u00e1cticas guiadas. Como Expertos o Expertas en un tema espec\u00edfico. Pr\u00e1cticas profesionales. En diversos Servicios, de acuerdo a deseos y capacidades. Se nuestro\/a Voluntario\/a Socio\/a A trav\u00e9s de una donaci\u00f3n Mensual Apadrinando un Curso o un Taller Apadrinando a un estudiante de alg\u00fan Curso [&hellip;]<\/p>\n","protected":false},"author":1,"featured_media":0,"parent":0,"menu_order":0,"comment_status":"closed","ping_status":"closed","template":"","meta":{"footnotes":""},"class_list":["post-210","page","type-page","status-publish","hentry"],"_links":{"self":[{"href":"https:\/\/fundacionmariaenelcamino.cl\/24\/wp-json\/wp\/v2\/pages\/210","targetHints":{"allow":["GET"]}}],"collection":[{"href":"https:\/\/fundacionmariaenelcamino.cl\/24\/wp-json\/wp\/v2\/pages"}],"about":[{"href":"https:\/\/fundacionmariaenelcamino.cl\/24\/wp-json\/wp\/v2\/types\/page"}],"author":[{"embeddable":true,"href":"https:\/\/fundacionmariaenelcamino.cl\/24\/wp-json\/wp\/v2\/users\/1"}],"replies":[{"embeddable":true,"href":"https:\/\/fundacionmariaenelcamino.cl\/24\/wp-json\/wp\/v2\/comments?post=210"}],"version-history":[{"count":8,"href":"https:\/\/fundacionmariaenelcamino.cl\/24\/wp-json\/wp\/v2\/pages\/210\/revisions"}],"predecessor-version":[{"id":221,"href":"https:\/\/fundacionmariaenelcamino.cl\/24\/wp-json\/wp\/v2\/pages\/210\/revisions\/221"}],"wp:attachment":[{"href":"https:\/\/fundacionmariaenelcamino.cl\/24\/wp-json\/wp\/v2\/media?parent=210"}],"curies":[{"name":"wp","href":"https:\/\/api.w.org\/{rel}","templated":true}]}}